{"id":631,"date":"2021-09-10T16:25:50","date_gmt":"2021-09-10T13:25:50","guid":{"rendered":"https:\/\/www.kobibilisim.org.tr\/2021\/?page_id=631"},"modified":"2021-09-30T10:52:41","modified_gmt":"2021-09-30T07:52:41","slug":"kongre-bilgileri","status":"publish","type":"page","link":"https:\/\/www.kobibilisim.org.tr\/2021\/ankara\/kongre-bilgileri","title":{"rendered":"KONGRE B\u0130LG\u0130LER\u0130"},"content":{"rendered":"","protected":false},"excerpt":{"rendered":"","protected":false},"author":1,"featured_media":0,"parent":618,"menu_order":0,"comment_status":"closed","ping_status":"closed","template":"","meta":{"rs_blank_template":"","rs_page_bg_color":"","slide_template_v7":"","footnotes":""},"class_list":["post-631","page","type-page","status-publish","hentry"],"_links":{"self":[{"href":"https:\/\/www.kobibilisim.org.tr\/2021\/wp-json\/wp\/v2\/pages\/631","targetHints":{"allow":["GET"]}}],"collection":[{"href":"https:\/\/www.kobibilisim.org.tr\/2021\/wp-json\/wp\/v2\/pages"}],"about":[{"href":"https:\/\/www.kobibilisim.org.tr\/2021\/wp-json\/wp\/v2\/types\/page"}],"author":[{"embeddable":true,"href":"https:\/\/www.kobibilisim.org.tr\/2021\/wp-json\/wp\/v2\/users\/1"}],"replies":[{"embeddable":true,"href":"https:\/\/www.kobibilisim.org.tr\/2021\/wp-json\/wp\/v2\/comments?post=631"}],"version-history":[{"count":6,"href":"https:\/\/www.kobibilisim.org.tr\/2021\/wp-json\/wp\/v2\/pages\/631\/revisions"}],"predecessor-version":[{"id":714,"href":"https:\/\/www.kobibilisim.org.tr\/2021\/wp-json\/wp\/v2\/pages\/631\/revisions\/714"}],"up":[{"embeddable":true,"href":"https:\/\/www.kobibilisim.org.tr\/2021\/wp-json\/wp\/v2\/pages\/618"}],"wp:attachment":[{"href":"https:\/\/www.kobibilisim.org.tr\/2021\/wp-json\/wp\/v2\/media?parent=631"}],"curies":[{"name":"wp","href":"https:\/\/api.w.org\/{rel}","templated":true}]}}