{"id":620,"date":"2021-09-10T16:17:41","date_gmt":"2021-09-10T13:17:41","guid":{"rendered":"https:\/\/www.kobibilisim.org.tr\/2022\/?page_id=620"},"modified":"2022-03-29T16:49:05","modified_gmt":"2022-03-29T13:49:05","slug":"izmir","status":"publish","type":"page","link":"https:\/\/www.kobibilisim.org.tr\/2022\/izmir","title":{"rendered":"\u0130ZM\u0130R"},"content":{"rendered":"<p><strong>De\u011ferli Payda\u015flar,<\/strong><\/p>\n<p>&nbsp;<\/p>\n<p>KOB\u0130\u2019ler d\u00fcnyan\u0131n bir\u00e7ok ekonomisinde b\u00fcy\u00fcme ve istihdam\u0131n ana kayna\u011f\u0131n\u0131 olu\u015fturmas\u0131n\u0131n yan\u0131 s\u0131ra yenilik\u00e7ili\u011fin geli\u015ftirilmesi ve yay\u0131lmas\u0131ndaki rolleriyle \u00fclkelerin kalk\u0131nma s\u00fcre\u00e7lerinde lokomotif g\u00f6revi g\u00f6rmektedirler. \u00dclkemizin ekonomik yap\u0131s\u0131 incelendi\u011finde de KOB\u0130\u2019lerin \u00fcretim, istihdam ve ihracata olan katk\u0131lar\u0131ndan dolay\u0131 \u00f6nemli bir konuma sahip oldu\u011fu g\u00f6r\u00fclmektedir. Ancak, \u00dclkemizdeki KOB\u0130\u2019lerin i\u015fg\u00fcc\u00fc verimlilik ve rekabet\u00e7ilik d\u00fczeyinin bir\u00e7ok Avrupa \u00fclkesinden daha d\u00fc\u015f\u00fck olmas\u0131n\u0131n; finansmana eri\u015fim, b\u00fcy\u00fcme, yeni teknolojilere uyum sa\u011flama, yenilik\u00e7ilik ve kurumsalla\u015fma alanlar\u0131nda ya\u015fanan sorunlar\u0131n yans\u0131mas\u0131 ve de\u011fi\u015fim ve d\u00f6n\u00fc\u015f\u00fcm\u00fc yakalayamamas\u0131ndan kaynaklanmaktad\u0131r.<\/p>\n<p>De\u011fi\u015fim ve d\u00f6n\u00fc\u015f\u00fcm\u00fc KOB\u0130\u2019lerin tek ba\u015f\u0131na yapmas\u0131n\u0131 bekleyemeyiz. Kamu, \u00fcniversite, finans kurulu\u015flar\u0131 ve her biri sekt\u00f6re \u00f6nc\u00fcl\u00fck eden sivil toplum kurulu\u015flar\u0131 de\u011fi\u015fim ve d\u00f6n\u00fc\u015f\u00fcm\u00fcn ana akt\u00f6rleri olarak KOB\u0130\u2019lere yol g\u00f6sterici ve destekleyici olmal\u0131d\u0131r. Bu destekler, \u00fclke kalk\u0131nmas\u0131na, sosyal refah\u0131n artmas\u0131na, b\u00f6lgesel geli\u015fmi\u015flik farklar\u0131n\u0131n azalmas\u0131na, s\u00fcrd\u00fcr\u00fclebilirli\u011fe, istikrar\u0131n sa\u011flanmas\u0131na ve rekabet g\u00fcc\u00fcn\u00fcn art\u0131r\u0131lmas\u0131na \u00f6nemli katk\u0131 sa\u011flayacakt\u0131r.<\/p>\n<p>T\u00fcrkiye Bili\u015fim Derne\u011fi taraf\u0131ndan 2017 tarihinden itibaren ger\u00e7ekle\u015ftirilmekte olan \u201c<strong>KOB\u0130\u2019ler ve B\u0130L\u0130\u015e\u0130M Kongresi<\/strong>\u201dnin, hem etkinli\u011finin artt\u0131r\u0131lmas\u0131 hem de yayg\u0131n etki yarat\u0131lmas\u0131 amac\u0131yla 2021 y\u0131l\u0131ndan itibaren<\/p>\n<p>TBD &#8211; TOSY\u00d6V i\u015fbirli\u011fi ile \u201cGelece\u011fi \u015eekillendiren Kobi\u2019ler: Tehdit ve F\u0131rsatlar\u201d ana temas\u0131yla ger\u00e7ekle\u015ftirilecektir.<\/p>\n<p>&nbsp;<\/p>\n<p><strong>T\u00fcrkiye Bili\u015fim Derne\u011fi &#8211; <\/strong><strong>T\u00fcrkiye K\u00fc\u00e7\u00fck ve Orta \u00d6l\u00e7ekli \u0130\u015fletmeler Serbest Meslek Mensuplar\u0131 ve Y\u00f6neticiler Vakf\u0131 <\/strong><\/p>\n","protected":false},"excerpt":{"rendered":"<p>De\u011ferli Payda\u015flar, &nbsp; KOB\u0130\u2019ler d\u00fcnyan\u0131n bir\u00e7ok ekonomisinde b\u00fcy\u00fcme ve istihdam\u0131n ana kayna\u011f\u0131n\u0131 olu\u015fturmas\u0131n\u0131n yan\u0131 s\u0131ra yenilik\u00e7ili\u011fin geli\u015ftirilmesi ve yay\u0131lmas\u0131ndaki rolleriyle \u00fclkelerin kalk\u0131nma s\u00fcre\u00e7lerinde lokomotif g\u00f6revi g\u00f6rmektedirler.<span class=\"excerpt-hellip\"> [\u2026]<\/span><\/p>\n","protected":false},"author":1,"featured_media":0,"parent":0,"menu_order":0,"comment_status":"closed","ping_status":"closed","template":"","meta":{"rs_blank_template":"","rs_page_bg_color":"","slide_template_v7":"","footnotes":""},"class_list":["post-620","page","type-page","status-publish","hentry"],"_links":{"self":[{"href":"https:\/\/www.kobibilisim.org.tr\/2022\/wp-json\/wp\/v2\/pages\/620","targetHints":{"allow":["GET"]}}],"collection":[{"href":"https:\/\/www.kobibilisim.org.tr\/2022\/wp-json\/wp\/v2\/pages"}],"about":[{"href":"https:\/\/www.kobibilisim.org.tr\/2022\/wp-json\/wp\/v2\/types\/page"}],"author":[{"embeddable":true,"href":"https:\/\/www.kobibilisim.org.tr\/2022\/wp-json\/wp\/v2\/users\/1"}],"replies":[{"embeddable":true,"href":"https:\/\/www.kobibilisim.org.tr\/2022\/wp-json\/wp\/v2\/comments?post=620"}],"version-history":[{"count":4,"href":"https:\/\/www.kobibilisim.org.tr\/2022\/wp-json\/wp\/v2\/pages\/620\/revisions"}],"predecessor-version":[{"id":630,"href":"https:\/\/www.kobibilisim.org.tr\/2022\/wp-json\/wp\/v2\/pages\/620\/revisions\/630"}],"wp:attachment":[{"href":"https:\/\/www.kobibilisim.org.tr\/2022\/wp-json\/wp\/v2\/media?parent=620"}],"curies":[{"name":"wp","href":"https:\/\/api.w.org\/{rel}","templated":true}]}}