{"id":646,"date":"2021-09-10T16:36:14","date_gmt":"2021-09-10T13:36:14","guid":{"rendered":"https:\/\/www.kobibilisim.org.tr\/2022\/?page_id=646"},"modified":"2022-04-14T14:25:05","modified_gmt":"2022-04-14T11:25:05","slug":"program","status":"publish","type":"page","link":"https:\/\/www.kobibilisim.org.tr\/2022\/izmir\/program","title":{"rendered":"PROGRAM"},"content":{"rendered":"<p>&nbsp;<br \/>\n&nbsp;<br \/>\n<strong>09:30 \u2013 10:10 | Kay\u0131t<\/strong><\/p>\n<p><strong>10:10 \u2013 10:15 | Sayg\u0131 Duru\u015fu ve \u0130stiklal Mar\u015f\u0131<\/strong><\/p>\n<p><strong>10:15 \u2013 11:15 | A\u00e7\u0131l\u0131\u015f ve Protokol Konu\u015fmalar\u0131<\/strong><\/p>\n<p>10:15 &#8211; 10:30<strong>\u00a0\u00a0\u00a0\u00a0\u00a0\u00a0\u00a0\u00a0\u00a0\u00a0Prof. Dr. Mustafa TANYER\u0130, <\/strong><em>\u0130ZTO Genel Sekreteri<\/em><\/p>\n<p>10:30 &#8211; 10:45<strong>\u00a0\u00a0\u00a0\u00a0\u00a0\u00a0\u00a0\u00a0\u00a0\u00a0Fikret KAVZAK, <\/strong><em>TBD \u0130zmir \u015eubesi Y\u00f6netim Kurulu Ba\u015fkan\u0131<\/em><\/p>\n<p>10:45 &#8211; 11:00<strong>\u00a0\u00a0\u00a0\u00a0\u00a0\u00a0\u00a0\u00a0\u00a0\u00a0Rahmi AKTEPE, <\/strong><em>TBD Genel Ba\u015fkan\u0131<\/em><\/p>\n<p><strong>11:00 \u2013 11:15 | Plaket T\u00f6reni<\/strong><\/p>\n<p><strong>11:15 \u2013 11:30 | \u00c7ay Aras\u0131<\/strong><br \/>\n&nbsp;<\/p>\n<hr\/>\n<p><strong>11:30 \u2013 13:00 | <u>Oturum 1 : Rekabet\u00e7i Dijital Kobiler<\/u><\/strong><\/p>\n<p><strong><em><u>Panel Y\u00f6neticisi:<\/u><\/em><\/strong><strong> Ali R\u0131za ERSOY<\/strong>, <em>ION Academy Kurucusu<\/em><\/p>\n<p>Tolga B\u0130ZEL, <em>Mitsubishi Electric Fabrika Otomasyon Sistemleri \u00dcr\u00fcn Y\u00f6netimi ve Pazarlama Birim M\u00fcd\u00fcr\u00fc<\/em><br \/>\nG\u00f6khan D\u0130K\u0130C\u0130, <em>Profelis Sat\u0131\u015f ve Pazarlama Direkt\u00f6r\u00fc<\/em><br \/>\nTolga G\u00d6REN, <em>Logo Yaz\u0131l\u0131m Kamu \u0130li\u015fkileri Proje Direkt\u00f6r\u00fc<\/em><br \/>\nProf. Dr. Hilmi Y\u00dcKSEL, <em>Dokuz Eyl\u00fcl \u00dcniversitesi \u00d6\u011fretim \u00dcyesi<\/em><\/p>\n<hr\/>\n<p>&nbsp;<br \/>\n<strong>13:00 \u2013 14:00 | Yemek Aras\u0131<\/strong><br \/>\n&nbsp;<\/p>\n<hr\/>\n<p><strong>14:00 \u2013 15:30 | <u>Oturum 2 : Dijital Teknolojilerin Yarataca\u011f\u0131 F\u0131rsatlar<\/u><\/strong><\/p>\n<p><strong><em><u>Panel Y\u00f6neticisi:<\/u><\/em><\/strong><strong> Do\u00e7. Dr. Ahmet Hasan KOLTUKSUZ<\/strong>, <em>Ya\u015far \u00dcniversitesi \u00d6\u011fretim \u00dcyesi<\/em><\/p>\n<p>Prof. Dr. Aykan CANDEM\u0130R, <em>Ege \u00dcniversitesi \u00d6\u011fretim \u00dcyesi<\/em><br \/>\nDr. Enver \u00c7AKIN, <em>KOSGEB \u0130zmir M\u00fcd\u00fcrl\u00fc\u011f\u00fc KOB\u0130 Uzman\u0131<\/em><br \/>\nDr. Er\u00e7in G\u00dcD\u00dcC\u00dc, <em>\u0130zmir Ticaret Borsas\u0131 Genel Sekreteri<\/em><br \/>\nEmrecan SEZEN, <em>T\u00dcRKSAT Bili\u015fim Ar-Ge Direkt\u00f6r\u00fc<\/em><\/p>\n<hr\/>\n<p>&nbsp;<br \/>\n<strong>15:30 \u2013 15:45 | \u00c7ay Aras\u0131<\/strong><br \/>\n&nbsp;<\/p>\n<hr\/>\n<p><strong>15:45 \u2013 17:15 | <u>Oturum 3 : Ye\u015fil OSB\/Kobiler<\/u><\/strong><\/p>\n<p><strong><em><u>Panel Y\u00f6neticisi: <\/u><\/em><\/strong><strong>Hilmi DEVEL\u0130, <\/strong><em>D\u00fcnya Gazetesi Yazar\u0131<\/em><\/p>\n<p>H.\u0130. Murat \u00c7EL\u0130K, <em>\u0130zmir Kalk\u0131nma Ajans\u0131 Yat\u0131r\u0131m Destek Ofisi Koordinat\u00f6r\u00fc<\/em><br \/>\nKayahan DEDE, <em>\u0130zmir Bilim ve Teknoloji Park\u0131 Teknoloji Geli\u015ftirme B\u00f6lgesi Genel M\u00fcd\u00fcr\u00fc<\/em><br \/>\nDr. \u00d6\u011frt. \u00dcy. M. \u00d6zhan KALA\u00c7, <em>Manisa Celal Bayar \u00dcniversitesi \u00d6\u011fretim \u00dcyesi<\/em><br \/>\nDr. Ayd\u0131n KOLAT, <em>TBD \u0130cra Kurulu Ba\u015fkan\u0131<\/em><\/p>\n<hr\/>\n","protected":false},"excerpt":{"rendered":"<p>&nbsp; &nbsp; 09:30 \u2013 10:10 | Kay\u0131t 10:10 \u2013 10:15 | Sayg\u0131 Duru\u015fu ve \u0130stiklal Mar\u015f\u0131 10:15 \u2013 11:15 | A\u00e7\u0131l\u0131\u015f ve Protokol Konu\u015fmalar\u0131 10:15 &#8211;<span class=\"excerpt-hellip\"> [\u2026]<\/span><\/p>\n","protected":false},"author":1,"featured_media":0,"parent":620,"menu_order":0,"comment_status":"closed","ping_status":"closed","template":"","meta":{"rs_blank_template":"","rs_page_bg_color":"","slide_template_v7":"","footnotes":""},"class_list":["post-646","page","type-page","status-publish","hentry"],"_links":{"self":[{"href":"https:\/\/www.kobibilisim.org.tr\/2022\/wp-json\/wp\/v2\/pages\/646","targetHints":{"allow":["GET"]}}],"collection":[{"href":"https:\/\/www.kobibilisim.org.tr\/2022\/wp-json\/wp\/v2\/pages"}],"about":[{"href":"https:\/\/www.kobibilisim.org.tr\/2022\/wp-json\/wp\/v2\/types\/page"}],"author":[{"embeddable":true,"href":"https:\/\/www.kobibilisim.org.tr\/2022\/wp-json\/wp\/v2\/users\/1"}],"replies":[{"embeddable":true,"href":"https:\/\/www.kobibilisim.org.tr\/2022\/wp-json\/wp\/v2\/comments?post=646"}],"version-history":[{"count":26,"href":"https:\/\/www.kobibilisim.org.tr\/2022\/wp-json\/wp\/v2\/pages\/646\/revisions"}],"predecessor-version":[{"id":808,"href":"https:\/\/www.kobibilisim.org.tr\/2022\/wp-json\/wp\/v2\/pages\/646\/revisions\/808"}],"up":[{"embeddable":true,"href":"https:\/\/www.kobibilisim.org.tr\/2022\/wp-json\/wp\/v2\/pages\/620"}],"wp:attachment":[{"href":"https:\/\/www.kobibilisim.org.tr\/2022\/wp-json\/wp\/v2\/media?parent=646"}],"curies":[{"name":"wp","href":"https:\/\/api.w.org\/{rel}","templated":true}]}}