{"id":620,"date":"2021-09-10T16:17:41","date_gmt":"2021-09-10T13:17:41","guid":{"rendered":"https:\/\/www.kobibilisim.org.tr\/2022\/?page_id=620"},"modified":"2023-08-21T11:13:18","modified_gmt":"2023-08-21T08:13:18","slug":"izmir","status":"publish","type":"page","link":"https:\/\/www.kobibilisim.org.tr\/2023\/izmir","title":{"rendered":"\u0130ZM\u0130R"},"content":{"rendered":"<p><strong>De\u011ferli Payda\u015flar,<\/strong><\/p>\n<p>KOB\u0130&#8217;ler d\u00fcnyan\u0131n bir\u00e7ok ekonomisinde b\u00fcy\u00fcme ve istihdam\u0131n ana kayna\u011f\u0131n\u0131 olu\u015fturmas\u0131n\u0131n yan\u0131 s\u0131ra yenilik\u00e7ili\u011fin geli\u015ftirilmesi ve yay\u0131lmas\u0131ndaki rolleriyle \u00fclkelerin kalk\u0131nma s\u00fcre\u00e7lerinde lokomotif g\u00f6revi g\u00f6rmektedirler. \u00dclkemizin ekonomik yap\u0131s\u0131 incelendi\u011finde de KOB\u0130\u2019lerin \u00fcretim, istihdam ve ihracata olan katk\u0131lar\u0131ndan dolay\u0131 \u00f6nemli bir konuma sahip oldu\u011fu g\u00f6r\u00fclmektedir.<\/p>\n<p>T\u00fcrkiye Bili\u015fim Derne\u011fi \u0130zmir \u015eubesi taraf\u0131ndan d\u00fczenlenen 4. \u0130zmir KOB\u0130&#8217;ler ve Bili\u015fim Kongremiz bu sene &#8220;<strong>Do\u011fal Afetlere Dayan\u0131kl\u0131 Ye\u015fil KOB\u0130&#8217;ler<\/strong>&#8221; ana temas\u0131 ile 12 Ekim 2023 tarihlerinde \u0130zmir Atat\u00fcrk Organize Sanayi B\u00f6lgesi Konferans Salonu\u2019nda yap\u0131lacakt\u0131r.<\/p>\n<p>Etkilimizde; \u0130kiz d\u00f6n\u00fc\u015f\u00fcm ile enerji ve kaynak verimlili\u011fi sa\u011flamalar\u0131 yan\u0131 s\u0131ra yapay zek\u00e2 ve bulut bili\u015fim ba\u015fta olmak \u00fczere yenilik\u00e7i teknolojilerin son y\u0131llardaki geli\u015fimine paralel olarak KOB\u0130\u2019lerin verimlili\u011fi art\u0131rmalar\u0131na, maliyetleri d\u00fc\u015f\u00fcrmelerine, pazarlama ve m\u00fc\u015fteri hizmetleri \u00e7abalar\u0131n\u0131 geli\u015ftirmelerine yard\u0131mc\u0131 olmak, rekabet\u00e7iliklerini artt\u0131rarak ak\u0131ll\u0131 \u00fcretimleri \u00f6n plana \u00e7\u0131karmalar\u0131n\u0131 sa\u011flamalar\u0131 amac\u0131yla &#8220;Do\u011fal Afetlere Dayan\u0131kl\u0131 Ye\u015fil KOB\u0130\u2019ler&#8221;\u00a0 temas\u0131 kapsam\u0131nda KOB\u0130\u2019lerimiz i\u00e7in \u00f6nem arz eden yeni teknolojileri, f\u0131rsatlar\u0131 ve riskleri i\u015fleyece\u011fiz.<\/p>\n<p>Sayg\u0131lar\u0131m\u0131zla,<\/p>\n<p>Rahmi AKTEPE<br \/>\nT\u00fcrkiye Bili\u015fim Derne\u011fi<br \/>\nGenel Ba\u015fkan\u0131<\/p>\n","protected":false},"excerpt":{"rendered":"<p>De\u011ferli Payda\u015flar, KOB\u0130&#8217;ler d\u00fcnyan\u0131n bir\u00e7ok ekonomisinde b\u00fcy\u00fcme ve istihdam\u0131n ana kayna\u011f\u0131n\u0131 olu\u015fturmas\u0131n\u0131n yan\u0131 s\u0131ra yenilik\u00e7ili\u011fin geli\u015ftirilmesi ve yay\u0131lmas\u0131ndaki rolleriyle \u00fclkelerin kalk\u0131nma s\u00fcre\u00e7lerinde lokomotif g\u00f6revi g\u00f6rmektedirler. \u00dclkemizin<span class=\"excerpt-hellip\"> [\u2026]<\/span><\/p>\n","protected":false},"author":1,"featured_media":0,"parent":0,"menu_order":0,"comment_status":"closed","ping_status":"closed","template":"","meta":{"footnotes":""},"class_list":["post-620","page","type-page","status-publish","hentry"],"_links":{"self":[{"href":"https:\/\/www.kobibilisim.org.tr\/2023\/wp-json\/wp\/v2\/pages\/620","targetHints":{"allow":["GET"]}}],"collection":[{"href":"https:\/\/www.kobibilisim.org.tr\/2023\/wp-json\/wp\/v2\/pages"}],"about":[{"href":"https:\/\/www.kobibilisim.org.tr\/2023\/wp-json\/wp\/v2\/types\/page"}],"author":[{"embeddable":true,"href":"https:\/\/www.kobibilisim.org.tr\/2023\/wp-json\/wp\/v2\/users\/1"}],"replies":[{"embeddable":true,"href":"https:\/\/www.kobibilisim.org.tr\/2023\/wp-json\/wp\/v2\/comments?post=620"}],"version-history":[{"count":5,"href":"https:\/\/www.kobibilisim.org.tr\/2023\/wp-json\/wp\/v2\/pages\/620\/revisions"}],"predecessor-version":[{"id":942,"href":"https:\/\/www.kobibilisim.org.tr\/2023\/wp-json\/wp\/v2\/pages\/620\/revisions\/942"}],"wp:attachment":[{"href":"https:\/\/www.kobibilisim.org.tr\/2023\/wp-json\/wp\/v2\/media?parent=620"}],"curies":[{"name":"wp","href":"https:\/\/api.w.org\/{rel}","templated":true}]}}