{"id":644,"date":"2021-09-10T16:35:58","date_gmt":"2021-09-10T13:35:58","guid":{"rendered":"https:\/\/www.kobibilisim.org.tr\/2022\/?page_id=644"},"modified":"2023-04-24T17:55:17","modified_gmt":"2023-04-24T14:55:17","slug":"program","status":"publish","type":"page","link":"https:\/\/www.kobibilisim.org.tr\/2023\/ankara\/program","title":{"rendered":"PROGRAM"},"content":{"rendered":"<hr \/>\n<p><strong>09:30 \u2013 10:00 | Kay\u0131t<\/strong><\/p>\n<hr \/>\n<p><strong>10:00 &#8211; 11:15 | A\u00e7\u0131l\u0131\u015f, Sayg\u0131 Duru\u015fu, \u0130stiklal Mar\u015f\u0131 ve Deprem Videosu<\/strong><\/p>\n<p>10:00 \u2013 10:15&emsp;&emsp;<strong>Nuray BA\u015eAR<\/strong> &#8211; <em>ASO Bilgisayar Yaz\u0131l\u0131m Sanayi Meslek Komite Ba\u015fkan\u0131<\/em> | <a href=\"https:\/\/www.kobibilisim.org.tr\/2023\/wp-content\/uploads\/2023\/04\/nuray-basar.jpg\" rel=\"lightbox\">G\u00f6rsel<\/a><\/p>\n<p>10:15 \u2013 10:30&emsp;&emsp;<strong>Rahmi AKTEPE<\/strong> &#8211; <em>TBD Genel Ba\u015fkan\u0131<\/em> | <a href=\"https:\/\/www.kobibilisim.org.tr\/2023\/wp-content\/uploads\/2023\/04\/rahmi-aktepe.jpg\" rel=\"lightbox\">G\u00f6rsel<\/a><\/p>\n<p>10:30 \u2013 10:45&emsp;&emsp;<strong>G\u00fcrsel BARAN<\/strong> &#8211; <em>ATO Y\u00f6netim Kurulu Ba\u015fkan\u0131<\/em> | <a href=\"https:\/\/www.kobibilisim.org.tr\/2023\/wp-content\/uploads\/2023\/04\/gursel-baran.jpg\" rel=\"lightbox\">G\u00f6rsel<\/a><\/p>\n<p>10:45 \u2013 11:00&emsp;&emsp;<strong>Seyit ARDI\u00c7<\/strong> &#8211; <em>ASO Y\u00f6netim Kurulu Ba\u015fkan\u0131<\/em> | <a href=\"https:\/\/www.kobibilisim.org.tr\/2023\/wp-content\/uploads\/2023\/04\/seyit-ardic.jpg\" rel=\"lightbox\">G\u00f6rsel<\/a><\/p>\n<hr \/>\n<p><strong>11:15 \u2013 11:30 | Plaket T\u00f6reni<\/strong><\/p>\n<hr \/>\n<p><strong>11:30 \u2013 11:45 | Kahve Aras\u0131<\/strong><\/p>\n<hr \/>\n<p><strong>\u00d6dedi\u011fini Kullan<\/strong><br \/>\n<strong>11:45 \u2013 12:20 | Meliha OKUR<\/strong>, <em>Ekonomi Gazetecisi <\/em> | <a href=\"https:\/\/www.kobibilisim.org.tr\/2023\/wp-content\/uploads\/2023\/04\/meliha-okur.jpg\" rel=\"lightbox\">G\u00f6rsel<\/a><\/p>\n<hr \/>\n<p><strong>E\u011fitimde D\u00f6n\u00fc\u015f\u00fcm<\/strong><br \/>\n<strong>12:20 \u2013 12:45 | Serdar T\u00dcTEK<\/strong>, <em>ASO OSB Y\u00f6netim Kurulu \u00dcyesi<\/em> | <a href=\"https:\/\/www.kobibilisim.org.tr\/2023\/wp-content\/uploads\/2023\/04\/serdar-tutek.jpg\" rel=\"lightbox\">G\u00f6rsel<\/a><\/p>\n<hr \/>\n<p><strong>12:45 \u2013 13:30 | Yemek Aras\u0131<\/strong><\/p>\n<hr \/>\n<p><strong>Son Depremler I\u015f\u0131\u011f\u0131nda T\u00fcrkiye\u2019nin Deprem Ger\u00e7e\u011fi ve Ankara. Depreme Dayan\u0131kl\u0131 Kobilerin D\u00f6n\u00fc\u015f\u00fcm\u00fc<\/strong><br \/>\n<strong>13.30 \u2013 14:00 | Prof. Dr. S\u00fcleyman PAMPAL<\/strong>, <em>Gazi \u00dcniversitesi \u00d6\u011fretim \u00dcyesi<\/em> | <a href=\"https:\/\/www.kobibilisim.org.tr\/2023\/wp-content\/uploads\/2023\/04\/suleyman-pampal.jpg\" rel=\"lightbox\">G\u00f6rsel<\/a><\/p>\n<hr \/>\n<p><strong>Tedarikten E\u011fitime Sim\u00fclasyon<\/strong><br \/>\n<strong>14.00 \u2013 14:20 | Dr. G\u00f6k\u00e7e KALKAN YILDIRIM<\/strong>, <em>S\u0130MSOFT Bilgisayar Teknolojileri CEO<\/em> | <a href=\"https:\/\/www.kobibilisim.org.tr\/2023\/wp-content\/uploads\/2023\/04\/gokce-yildirim-kalkan.jpg\" rel=\"lightbox\">G\u00f6rsel<\/a><\/p>\n<hr \/>\n<p><strong>Sanayinin Geli\u015fiminde Yapay Zekan\u0131n \u00d6nemi<\/strong><br \/>\n<strong>14.20 \u2013 14:40 | Prof. Dr. Ali Serhan KOYUNCUG\u0130L<\/strong>, <em>Ba\u015fkent \u00dcniversitesi Projeler Koordinat\u00f6r\u00fc \/ Yapay Zeka Derne\u011fi Ba\u015fkan\u0131<\/em> | <a href=\"https:\/\/www.kobibilisim.org.tr\/2023\/wp-content\/uploads\/2023\/04\/ali-serhan-koyuncugil.jpg\" rel=\"lightbox\">G\u00f6rsel<\/a><\/p>\n<hr \/>\n<p><strong>Dijital D\u00f6n\u00fc\u015f\u00fcmde Ar-Ge\u2019nin Rol\u00fc<\/strong><br \/>\n<strong>14.40 \u2013 15:00 | Dr. Metin N\u0130L<\/strong>, <em>Vestel Arge M\u00fcd\u00fcr Yard\u0131mc\u0131s\u0131<\/em> | <a href=\"https:\/\/www.kobibilisim.org.tr\/2023\/wp-content\/uploads\/2023\/04\/metin-nil.jpg\" rel=\"lightbox\">G\u00f6rsel<\/a><\/p>\n<hr \/>\n<p><strong>15:00 \u2013 15:15 | Kahve Aras\u0131<\/strong><\/p>\n<hr \/>\n<p><strong>Yaz\u0131l\u0131mda \u00dcr\u00fcnle\u015fmenin \u00dcretici ve T\u00fcketici Penceresinden Etkileri<\/strong><br \/>\n<strong>15.15 \u2013 15:35 | M. Serdar AK<\/strong>, <em>DECE Yaz\u0131l\u0131m Kurucu Ortak<\/em> | <a href=\"https:\/\/www.kobibilisim.org.tr\/2023\/wp-content\/uploads\/2023\/04\/serdar-ak.jpg\" rel=\"lightbox\">G\u00f6rsel<\/a><\/p>\n<hr \/>\n<p><strong>K\u00fc\u00e7\u00fck Ad\u0131mlar, B\u00fcy\u00fck At\u0131l\u0131mlar: Markala\u015fma ve Uluslararas\u0131la\u015fma Stratejileri<\/strong><br \/>\n<strong>15.35 \u2013 16:00 | Prof. Dr. Zeliha ESER<\/strong>, <em>Ba\u015fkent \u00dcniversitesi \u00d6\u011fretim \u00dcyesi<\/em> | <a href=\"https:\/\/www.kobibilisim.org.tr\/2023\/wp-content\/uploads\/2023\/04\/zeliha-eser.jpg\" rel=\"lightbox\">G\u00f6rsel<\/a><\/p>\n<hr \/>\n<p><strong>\u0130nsan Kayna\u011f\u0131 ve G\u00f6\u00e7<\/strong><br \/>\n<strong>16:00 \u2013 16:20 | G\u00fcltu\u011fba KIZILTU\u011e BOYRAZ<\/strong> &#8211; <em>TNB Teknoloji Genel M\u00fcd\u00fcr\u00fc<\/em> | <a href=\"https:\/\/www.kobibilisim.org.tr\/2023\/wp-content\/uploads\/2023\/04\/zeliha-eser.jpg\" rel=\"lightbox\">G\u00f6rsel<\/a><\/p>\n<hr \/>\n<p><strong>B\u00fcy\u00fcme Odakl\u0131 Dijital Pazarlama<\/strong><br \/>\n<strong>16:20 \u2013 16:40 | \u00d6zlem Sara\u00e7<\/strong>, <em>Webolizma Pazarlama Y\u00f6neticisi<\/em> | <a href=\"https:\/\/www.kobibilisim.org.tr\/2023\/wp-content\/uploads\/2023\/04\/ozlem-sarac.jpg\" rel=\"lightbox\">G\u00f6rsel<\/a><\/p>\n<hr \/>\n","protected":false},"excerpt":{"rendered":"<p>09:30 \u2013 10:00 | Kay\u0131t 10:00 &#8211; 11:15 | A\u00e7\u0131l\u0131\u015f, Sayg\u0131 Duru\u015fu, \u0130stiklal Mar\u015f\u0131 ve Deprem Videosu 10:00 \u2013 10:15&emsp;&emsp;Nuray BA\u015eAR &#8211; ASO Bilgisayar Yaz\u0131l\u0131m Sanayi<span class=\"excerpt-hellip\"> [\u2026]<\/span><\/p>\n","protected":false},"author":1,"featured_media":0,"parent":618,"menu_order":0,"comment_status":"closed","ping_status":"closed","template":"","meta":{"rs_blank_template":"","rs_page_bg_color":"","slide_template_v7":"","footnotes":""},"class_list":["post-644","page","type-page","status-publish","hentry"],"_links":{"self":[{"href":"https:\/\/www.kobibilisim.org.tr\/2023\/wp-json\/wp\/v2\/pages\/644","targetHints":{"allow":["GET"]}}],"collection":[{"href":"https:\/\/www.kobibilisim.org.tr\/2023\/wp-json\/wp\/v2\/pages"}],"about":[{"href":"https:\/\/www.kobibilisim.org.tr\/2023\/wp-json\/wp\/v2\/types\/page"}],"author":[{"embeddable":true,"href":"https:\/\/www.kobibilisim.org.tr\/2023\/wp-json\/wp\/v2\/users\/1"}],"replies":[{"embeddable":true,"href":"https:\/\/www.kobibilisim.org.tr\/2023\/wp-json\/wp\/v2\/comments?post=644"}],"version-history":[{"count":69,"href":"https:\/\/www.kobibilisim.org.tr\/2023\/wp-json\/wp\/v2\/pages\/644\/revisions"}],"predecessor-version":[{"id":896,"href":"https:\/\/www.kobibilisim.org.tr\/2023\/wp-json\/wp\/v2\/pages\/644\/revisions\/896"}],"up":[{"embeddable":true,"href":"https:\/\/www.kobibilisim.org.tr\/2023\/wp-json\/wp\/v2\/pages\/618"}],"wp:attachment":[{"href":"https:\/\/www.kobibilisim.org.tr\/2023\/wp-json\/wp\/v2\/media?parent=644"}],"curies":[{"name":"wp","href":"https:\/\/api.w.org\/{rel}","templated":true}]}}