{"id":646,"date":"2021-09-10T16:36:14","date_gmt":"2021-09-10T13:36:14","guid":{"rendered":"https:\/\/www.kobibilisim.org.tr\/2022\/?page_id=646"},"modified":"2023-10-05T16:23:55","modified_gmt":"2023-10-05T13:23:55","slug":"program","status":"publish","type":"page","link":"https:\/\/www.kobibilisim.org.tr\/2023\/izmir\/program","title":{"rendered":"PROGRAM"},"content":{"rendered":"<p><strong>10:00 \u2013 10:45 | A\u00e7\u0131l\u0131\u015f ve Protokol Konu\u015fmalar\u0131<\/strong><\/p>\n<p><strong>\u00a0\u00a0\u00a0\u00a0\u00a0\u00a0\u00a0\u00a0\u00a0\u00a0Fikret KAVZAK, <\/strong><em>TBD \u0130zmir \u015eubesi Y\u00f6netim Kurulu Ba\u015fkan\u0131<\/em><\/p>\n<p><strong>\u00a0\u00a0\u00a0\u00a0\u00a0\u00a0\u00a0\u00a0\u00a0\u00a0Rahmi AKTEPE, <\/strong><em>T\u00fcrkiye Bili\u015fim Derne\u011fi Genel Ba\u015fkan\u0131<\/em><\/p>\n<p><strong>\u00a0\u00a0\u00a0\u00a0\u00a0\u00a0\u00a0\u00a0\u00a0\u00a0Dr. Levent ARSLAN, <\/strong><em>KOSGEB \u0130zmir M\u00fcd\u00fcr\u00fc<\/em><\/p>\n<p><strong>\u00a0\u00a0\u00a0\u00a0\u00a0\u00a0\u00a0\u00a0\u00a0\u00a0Cenk KARACE, <\/strong><em>\u0130zmir Atat\u00fcrk OSB Y\u00f6netim Kurulu Ba\u015fkan\u0131<\/em><\/p>\n<hr \/>\n<p><strong>10:45 \u2013 11:00 | Plaket T\u00f6reni<\/strong><\/p>\n<hr \/>\n<p><strong>11:00 \u2013 12:30 | <u>AB Ye\u015fil Mutabakata Uyum S\u00fcrecinde Ye\u015fil OSB\u2019lerin \u00d6nemi<\/u><\/strong><\/p>\n<p><strong><em><u>Panel Y\u00f6neticisi:<\/u><\/em><\/strong><strong> Hilmi DEVEL\u0130<\/strong>, <em>KOSGEB Eski Ba\u015fkan\u0131 ve KobiEfor Dergisi Yazar\u0131<\/em><\/p>\n<p>Prof. Dr. Nuri AZBAR, <em>Ege \u00dcniversitesi \u2013 EBSO \u00c7evre Komitesi \u00dcyesi<\/em><br \/>\nFigen AKDEM\u0130R, <em>Ba\u011fyurdu Organize Sanayi B\u00f6lgesi B\u00f6lge M\u00fcd\u00fcr\u00fc<\/em><br \/>\nDr. Er\u00e7in G\u00dcD\u00dcC\u00dc, <em>\u0130zmir Ticaret Borsas\u0131 Genel Sekreteri<\/em><br \/>\nDr.\u00d6\u011fr.\u00dcyesi M.\u00d6zhan Kala\u00e7, <em>Manisa Celal Bayar \u00dcniversitesi<\/em><\/p>\n<hr \/>\n<p><strong>12:30 \u2013 13:30 | \u00d6\u011fle Aras\u0131<\/strong><\/p>\n<hr \/>\n<p><strong>13:30 \u2013 15:00 | <u>Rekabet\u00e7i KOB\u0130\u2019ler: Dijital \u00dcretimde Kalite ve Verimlilik<\/u><\/strong><\/p>\n<p><strong><em><u>Panel Y\u00f6neticisi:<\/u><\/em><\/strong><strong> Ali R\u0131za ERSOY<\/strong>, <em>ION Academy Kurucusu<\/em><\/p>\n<p>Hasan KEMAHLI, <em>Projesis Yaz\u0131l\u0131m LTD. Y\u00f6netim Kurulu Ba\u015fkan\u0131<\/em><br \/>\nDr. M. Sencer \u00d6ZEN, <em>\u0130zmir Kalk\u0131nma Ajans\u0131 Yenilik ve Giri\u015fimcilik Politikalar\u0131 Birim Ba\u015fkan\u0131<\/em><br \/>\nKayahan DEDE, <em>\u0130zmir Bilim ve Teknoloji Park\u0131 Teknoloji Geli\u015ftirme B\u00f6lgesi Genel M\u00fcd\u00fcr\u00fc<\/em><br \/>\nDr. Enver \u00c7AKIN, <em>Kosgeb \u0130zmir M\u00fcd\u00fcrl\u00fc\u011f\u00fc Kobi Uzman\u0131<\/em><\/p>\n<hr \/>\n<p><strong>15:00 \u2013 15:30 | Ara<\/strong><\/p>\n<hr \/>\n<p><strong>15:30 \u2013 17:00 | <u>Dijital D\u00f6n\u00fc\u015f\u00fcm Yol Haritas\u0131 ve Siber G\u00fcvenlik<\/u><\/strong><\/p>\n<p><strong><em><u>Panel Y\u00f6neticisi:<\/u> <\/em><\/strong><strong>Ali YAZICI, <\/strong><em>TBD Genel Ba\u015fkan Yard\u0131mc\u0131s\u0131<\/em><\/p>\n<p>Prof. Dr. Ahmet Hasan KOLTUKSUZ, <em>Ya\u015far \u00dcniversitesi \u00d6\u011fretim \u00dcyesi<\/em><br \/>\nTolga G\u00d6REN, <em>Logo Yaz\u0131l\u0131m Kamu \u0130li\u015fkileri Proje Direkt\u00f6r\u00fc<\/em><br \/>\nArtu\u011f Tiki\u00e7, <em>Timus T\u00fcrkiye (Berqnet) Genel M\u00fcd\u00fcr<\/em><br \/>\nVahit \u00c7imen, <em>Teknorem Bili\u015fim Ltd.\u015eti. Kurucusu<\/em><\/p>\n<hr \/>\n<p><strong>KAPANI\u015e<\/strong><\/p>\n","protected":false},"excerpt":{"rendered":"<p>10:00 \u2013 10:45 | A\u00e7\u0131l\u0131\u015f ve Protokol Konu\u015fmalar\u0131 \u00a0\u00a0\u00a0\u00a0\u00a0\u00a0\u00a0\u00a0\u00a0\u00a0Fikret KAVZAK, TBD \u0130zmir \u015eubesi Y\u00f6netim Kurulu Ba\u015fkan\u0131 \u00a0\u00a0\u00a0\u00a0\u00a0\u00a0\u00a0\u00a0\u00a0\u00a0Rahmi AKTEPE, T\u00fcrkiye Bili\u015fim Derne\u011fi Genel Ba\u015fkan\u0131 \u00a0\u00a0\u00a0\u00a0\u00a0\u00a0\u00a0\u00a0\u00a0\u00a0Dr. Levent ARSLAN,<span class=\"excerpt-hellip\"> [\u2026]<\/span><\/p>\n","protected":false},"author":1,"featured_media":0,"parent":620,"menu_order":0,"comment_status":"closed","ping_status":"closed","template":"","meta":{"rs_blank_template":"","rs_page_bg_color":"","slide_template_v7":"","footnotes":""},"class_list":["post-646","page","type-page","status-publish","hentry"],"_links":{"self":[{"href":"https:\/\/www.kobibilisim.org.tr\/2023\/wp-json\/wp\/v2\/pages\/646","targetHints":{"allow":["GET"]}}],"collection":[{"href":"https:\/\/www.kobibilisim.org.tr\/2023\/wp-json\/wp\/v2\/pages"}],"about":[{"href":"https:\/\/www.kobibilisim.org.tr\/2023\/wp-json\/wp\/v2\/types\/page"}],"author":[{"embeddable":true,"href":"https:\/\/www.kobibilisim.org.tr\/2023\/wp-json\/wp\/v2\/users\/1"}],"replies":[{"embeddable":true,"href":"https:\/\/www.kobibilisim.org.tr\/2023\/wp-json\/wp\/v2\/comments?post=646"}],"version-history":[{"count":34,"href":"https:\/\/www.kobibilisim.org.tr\/2023\/wp-json\/wp\/v2\/pages\/646\/revisions"}],"predecessor-version":[{"id":963,"href":"https:\/\/www.kobibilisim.org.tr\/2023\/wp-json\/wp\/v2\/pages\/646\/revisions\/963"}],"up":[{"embeddable":true,"href":"https:\/\/www.kobibilisim.org.tr\/2023\/wp-json\/wp\/v2\/pages\/620"}],"wp:attachment":[{"href":"https:\/\/www.kobibilisim.org.tr\/2023\/wp-json\/wp\/v2\/media?parent=646"}],"curies":[{"name":"wp","href":"https:\/\/api.w.org\/{rel}","templated":true}]}}