{"id":646,"date":"2021-09-10T16:36:14","date_gmt":"2021-09-10T13:36:14","guid":{"rendered":"https:\/\/www.kobibilisim.org.tr\/2022\/?page_id=646"},"modified":"2024-06-07T13:55:39","modified_gmt":"2024-06-07T10:55:39","slug":"program","status":"publish","type":"page","link":"https:\/\/www.kobibilisim.org.tr\/2024\/izmir\/program","title":{"rendered":"PROGRAM"},"content":{"rendered":"<p><strong>10:00 \u2013 10:45 | A\u00e7\u0131l\u0131\u015f, Sayg\u0131 Duru\u015fu ve \u0130stiklal Mar\u015f\u0131<\/strong><\/p>\n<p><strong>A\u00e7\u0131l\u0131\u015f Konu\u015fmalar\u0131<\/strong><\/p>\n<p><strong>\u00a0\u00a0\u00a0\u00a0\u00a0\u00a0\u00a0\u00a0\u00a0\u00a0Feyzullah OKTAY, <\/strong><em>TBD \u0130zmir \u015eubesi Y\u00f6netim Kurulu Ba\u015fkan\u0131<\/em><\/p>\n<p><strong>\u00a0\u00a0\u00a0\u00a0\u00a0\u00a0\u00a0\u00a0\u00a0\u00a0Rahmi AKTEPE, <\/strong><em>T\u00fcrkiye Bili\u015fim Derne\u011fi Genel Ba\u015fkan\u0131<\/em><\/p>\n<p><strong>\u00a0\u00a0\u00a0\u00a0\u00a0\u00a0\u00a0\u00a0\u00a0\u00a0Mahmut \u00d6ZGENER, <\/strong><em>\u0130zmir Ticaret Odas\u0131 Ba\u015fkan\u0131<\/em><\/p>\n<p><strong>Anasponsor Konu\u015fmas\u0131<\/strong><\/p>\n<p><strong>\u00a0\u00a0\u00a0\u00a0\u00a0\u00a0\u00a0\u00a0\u00a0\u00a0Sezgin SERPEN, <\/strong><em>XLOG Firewall, CTO<\/em><\/p>\n<hr \/>\n<p><strong>10:45 \u2013 11:00 | \u00c7ay\/Kahve  Aras\u0131<\/strong><\/p>\n<hr \/>\n<p><strong>11:00 \u2013 11:20 | <u>\u00c7a\u011fr\u0131l\u0131 Konu\u015fmac\u0131, Ye\u015fil D\u00f6n\u00fc\u015f\u00fcm<\/u><\/strong><\/p>\n<p><strong>Dr. Er\u00e7in G\u00dcD\u00dcC\u00dc<\/strong>, <em>\u0130zmir Ticaret Borsas\u0131 Genel Sekreteri<\/em><\/p>\n<hr \/>\n<p><strong>11:20 \u2013 11:40 | <u>\u00c7a\u011fr\u0131l\u0131 Konu\u015fmac\u0131, S\u00fcrd\u00fcr\u00fclebilir Kalk\u0131nma<\/u><\/strong><\/p>\n<p><strong>Dr. H. \u0130. Murat \u00c7EL\u0130K<\/strong>, <em>EG\u0130AD Genel Sekreteri<\/em><\/p>\n<hr \/>\n<p><strong>11:40 \u2013 12:00 | <u>\u00c7a\u011fr\u0131l\u0131 Konu\u015fmac\u0131, Uluslararas\u0131la\u015fma<\/u><\/strong><\/p>\n<p><strong>\u0130lhan G\u00dcM\u00dc\u015e<\/strong>, <em>KOSGEB \u0130zmir<\/em><\/p>\n<hr \/>\n<p><strong>12:00 \u2013 12:20 | <u>\u00c7a\u011fr\u0131l\u0131 Konu\u015fmac\u0131, Markala\u015fma<\/u><\/strong><\/p>\n<p><strong>Evrim SELV\u0130<\/strong>, <em>ActionCOACH T\u00fcrkiye \/ Partner<\/em><\/p>\n<hr \/>\n<p><strong>12:20 \u2013 13:30 | \u00d6\u011fle Aras\u0131<\/strong><\/p>\n<hr \/>\n<p><strong>13:20 \u2013 15:00 | <u>Oturum:1- Teknoloji \/ S\u00fcrd\u00fcr\u00fclebilirlik<\/u><\/strong><\/p>\n<p><strong><em><u>Panel Y\u00f6neticisi:<\/u><\/em><\/strong><strong> Prof. Dr. Cengiz AKDEN\u0130Z<\/strong>, <em>E\u00dc Ziraat Fak\u00fcltesi<\/em><\/p>\n<p>Prof. Dr. Hilmi Y\u00dcKSEL, <em>DE\u00dc<\/em><br \/>\nMurat IHLAMUR, <em>Teknoloji Yat\u0131r\u0131mc\u0131s\u0131, Kuika Kurucu Ortak<\/em><br \/>\nOnur G\u00dcNDURU, <em>Onur Enerji Kurucu &#8211; ENS\u0130A YK \u00dcyesi<\/em><br \/>\nEmrah ADA\u015e, <em>\u00d6d\u00fcyo \u2013 Genel M\u00fcd\u00fcr Yrd.<\/em><\/p>\n<hr \/>\n<p><strong>15:00 \u2013 15:15 | Ara<\/strong><\/p>\n<hr \/>\n<p><strong>15:15 \u2013 16:45 | <u>Oturum:2- Dijital D\u00f6n\u00fc\u015f\u00fcm ve G\u00fcvenlik<\/u><\/strong><\/p>\n<p><strong><em><u>Panel Y\u00f6neticisi:<\/u><\/em><\/strong><strong> Fikret KAVZAK<\/strong>, <em>TBD \u0130zmir Kurucu Ba\u015fkan, B\u0130LSET Kurucu\/Ortak<\/em><\/p>\n<p>Tolga G\u00d6REN, <em>LOGO &#8211; Kamu \u0130li\u015fkileri Proje Direkt\u00f6r\u00fc<\/em><br \/>\nYakup Ali GEREDE, <em>US Giri\u015fim  &#8211; Genel M\u00fcd\u00fcr<\/em><br \/>\nTolga TURAN, <em>TRN Bulut &#8211; Kurucu Ortak<\/em><br \/>\nOlgar ATASEVER, <em>Holistic Coop Kurucusu\/Giri\u015fimci\/Yazar<\/em><br \/>\nProf. Dr. Ahmet KOLTUKSUZ, <em>Ya\u015far \u00dcniversitesi, Bilgisayar M\u00fchendisli\u011fi Fak.<\/em><\/p>\n<hr \/>\n<p><strong>16:45 \u2013 17:15 | Plaket \/ \u00d6d\u00fcl T\u00f6reni<\/strong><\/p>\n","protected":false},"excerpt":{"rendered":"<p>10:00 \u2013 10:45 | A\u00e7\u0131l\u0131\u015f, Sayg\u0131 Duru\u015fu ve \u0130stiklal Mar\u015f\u0131 A\u00e7\u0131l\u0131\u015f Konu\u015fmalar\u0131 \u00a0\u00a0\u00a0\u00a0\u00a0\u00a0\u00a0\u00a0\u00a0\u00a0Feyzullah OKTAY, TBD \u0130zmir \u015eubesi Y\u00f6netim Kurulu Ba\u015fkan\u0131 \u00a0\u00a0\u00a0\u00a0\u00a0\u00a0\u00a0\u00a0\u00a0\u00a0Rahmi AKTEPE, T\u00fcrkiye Bili\u015fim Derne\u011fi Genel<span class=\"excerpt-hellip\"> [\u2026]<\/span><\/p>\n","protected":false},"author":1,"featured_media":0,"parent":620,"menu_order":0,"comment_status":"closed","ping_status":"closed","template":"","meta":{"rs_blank_template":"","rs_page_bg_color":"","slide_template_v7":"","footnotes":""},"class_list":["post-646","page","type-page","status-publish","hentry"],"_links":{"self":[{"href":"https:\/\/www.kobibilisim.org.tr\/2024\/wp-json\/wp\/v2\/pages\/646","targetHints":{"allow":["GET"]}}],"collection":[{"href":"https:\/\/www.kobibilisim.org.tr\/2024\/wp-json\/wp\/v2\/pages"}],"about":[{"href":"https:\/\/www.kobibilisim.org.tr\/2024\/wp-json\/wp\/v2\/types\/page"}],"author":[{"embeddable":true,"href":"https:\/\/www.kobibilisim.org.tr\/2024\/wp-json\/wp\/v2\/users\/1"}],"replies":[{"embeddable":true,"href":"https:\/\/www.kobibilisim.org.tr\/2024\/wp-json\/wp\/v2\/comments?post=646"}],"version-history":[{"count":39,"href":"https:\/\/www.kobibilisim.org.tr\/2024\/wp-json\/wp\/v2\/pages\/646\/revisions"}],"predecessor-version":[{"id":1094,"href":"https:\/\/www.kobibilisim.org.tr\/2024\/wp-json\/wp\/v2\/pages\/646\/revisions\/1094"}],"up":[{"embeddable":true,"href":"https:\/\/www.kobibilisim.org.tr\/2024\/wp-json\/wp\/v2\/pages\/620"}],"wp:attachment":[{"href":"https:\/\/www.kobibilisim.org.tr\/2024\/wp-json\/wp\/v2\/media?parent=646"}],"curies":[{"name":"wp","href":"https:\/\/api.w.org\/{rel}","templated":true}]}}