{"id":74,"date":"2019-07-24T11:38:02","date_gmt":"2019-07-24T08:38:02","guid":{"rendered":"https:\/\/www.kobibilisim.org.tr\/2022\/?page_id=74"},"modified":"2024-05-15T22:09:57","modified_gmt":"2024-05-15T19:09:57","slug":"istanbul","status":"publish","type":"page","link":"https:\/\/www.kobibilisim.org.tr\/2024\/istanbul","title":{"rendered":"\u0130STANBUL"},"content":{"rendered":"<p>De\u011ferli Kat\u0131l\u0131mc\u0131m\u0131z,<\/p>\n<p>T\u00fcrkiye Bili\u015fim Derne\u011fi \u0130stanbul \u015eubesi taraf\u0131ndan d\u00fczenlenen <strong>7. \u0130stanbul KOB\u0130\u2019ler ve Bili\u015fim Kongremiz<\/strong> bu sene \u201c<strong>Verimlilikte Yeni D\u00f6nem: Yapay Zek\u00e2 Ve Dijital \u00c7\u00f6z\u00fcmler<\/strong>\u201d temas\u0131 ile <strong>4 Haziran 2024<\/strong> tarihlerinde <strong>\u0130stanbul Planlama Ajans\u0131 (\u0130PA)\u2019nda<\/strong> yap\u0131lacakt\u0131r.<\/p>\n<p>Yapay zek\u00e2 ve buna ba\u011fl\u0131 teknolojilerin son y\u0131llardaki geli\u015fimi bizleri bu y\u0131l KOB\u0130\u2019lerin verimlili\u011fi art\u0131rmalar\u0131na, maliyetleri d\u00fc\u015f\u00fcrmelerine, pazarlama ve m\u00fc\u015fteri hizmetleri \u00e7abalar\u0131n\u0131 geli\u015ftirmelerine yard\u0131mc\u0131 olmak, Yapay Zek\u00e2 ile zamandan ve paradan tasarruf etmeleri, <strong>Farkl\u0131 disiplinler ile m\u00fc\u015fteri ihtiya\u00e7lar\u0131na y\u00f6n vermeleri, Ak\u0131ll\u0131 \u00fcretim merkezleri \u00f6n plana \u00e7\u0131karmalar\u0131n\u0131 sa\u011flamalar\u0131n\u0131 ele almaya te\u015fvik etmi\u015ftir<\/strong>. Bu ba\u011flamda, Kongremizde \u201c<strong>Verimlilikte Yeni D\u00f6nem: Yapay Zek\u00e2 Ve Dijital \u00c7\u00f6z\u00fcmler<\/strong>\u201d temas\u0131 ile KOB\u0130\u2019lerimiz i\u00e7in \u00f6nem arz eden yeni teknolojileri, f\u0131rsatlar\u0131 ve riskleri i\u015fleyece\u011fiz.<\/p>\n<p>Kongremizde KOB\u0130\u2019lerimizi, sekt\u00f6rlerimizi ve bireylerimizi, teknolojik geli\u015fim ve de\u011fi\u015fimlerden haberdar etmeye, sorunlar\u0131n\u0131n \u00e7\u00f6z\u00fclmesine yard\u0131mc\u0131 olmaya ve \u00fclke kalk\u0131nmas\u0131n\u0131n, verimli bir ekonomiye d\u00f6n\u00fc\u015fmesine katk\u0131 sa\u011flamay\u0131 hedefliyoruz.<\/p>\n<p>Sayg\u0131lar\u0131m\u0131zla,<\/p>\n<div class=\"column one-second mobile-one\"><div class=\"mcb-column-inner\">Rahmi AKTEPE<br \/>\nT\u00fcrkiye Bili\u015fim Derne\u011fi<br \/>\nGenel Ba\u015fkan\u0131<\/div><\/div>\n<div class=\"column one-second mobile-one\"><div class=\"mcb-column-inner\"><\/p>\n<p style=\"text-align: right;\">Ceyda C\u0130M\u0130LL\u0130 AKAYDIN<br \/>\nTBD \u0130stanbul \u015eubesi<br \/>\nY\u00f6netim Kurulu<\/p>\n<p><\/div><\/div>\n","protected":false},"excerpt":{"rendered":"<p>De\u011ferli Kat\u0131l\u0131mc\u0131m\u0131z, T\u00fcrkiye Bili\u015fim Derne\u011fi \u0130stanbul \u015eubesi taraf\u0131ndan d\u00fczenlenen 7. \u0130stanbul KOB\u0130\u2019ler ve Bili\u015fim Kongremiz bu sene \u201cVerimlilikte Yeni D\u00f6nem: Yapay Zek\u00e2 Ve Dijital \u00c7\u00f6z\u00fcmler\u201d temas\u0131<span class=\"excerpt-hellip\"> [\u2026]<\/span><\/p>\n","protected":false},"author":1,"featured_media":0,"parent":0,"menu_order":0,"comment_status":"closed","ping_status":"closed","template":"","meta":{"rs_blank_template":"","rs_page_bg_color":"","slide_template_v7":"","footnotes":""},"class_list":["post-74","page","type-page","status-publish","hentry"],"_links":{"self":[{"href":"https:\/\/www.kobibilisim.org.tr\/2024\/wp-json\/wp\/v2\/pages\/74","targetHints":{"allow":["GET"]}}],"collection":[{"href":"https:\/\/www.kobibilisim.org.tr\/2024\/wp-json\/wp\/v2\/pages"}],"about":[{"href":"https:\/\/www.kobibilisim.org.tr\/2024\/wp-json\/wp\/v2\/types\/page"}],"author":[{"embeddable":true,"href":"https:\/\/www.kobibilisim.org.tr\/2024\/wp-json\/wp\/v2\/users\/1"}],"replies":[{"embeddable":true,"href":"https:\/\/www.kobibilisim.org.tr\/2024\/wp-json\/wp\/v2\/comments?post=74"}],"version-history":[{"count":15,"href":"https:\/\/www.kobibilisim.org.tr\/2024\/wp-json\/wp\/v2\/pages\/74\/revisions"}],"predecessor-version":[{"id":1036,"href":"https:\/\/www.kobibilisim.org.tr\/2024\/wp-json\/wp\/v2\/pages\/74\/revisions\/1036"}],"wp:attachment":[{"href":"https:\/\/www.kobibilisim.org.tr\/2024\/wp-json\/wp\/v2\/media?parent=74"}],"curies":[{"name":"wp","href":"https:\/\/api.w.org\/{rel}","templated":true}]}}