{"id":991,"date":"2024-02-06T14:24:24","date_gmt":"2024-02-06T11:24:24","guid":{"rendered":"https:\/\/www.kobibilisim.org.tr\/2024\/?page_id=991"},"modified":"2024-04-28T14:29:46","modified_gmt":"2024-04-28T11:29:46","slug":"program","status":"publish","type":"page","link":"https:\/\/www.kobibilisim.org.tr\/2024\/ankara\/program","title":{"rendered":"PROGRAM"},"content":{"rendered":"<hr \/>\n<p><strong>09:00 \u2013 09:30 | Kay\u0131t<\/strong><\/p>\n<hr \/>\n<p><strong>09:30 &#8211; 10:00 | A\u00e7\u0131l\u0131\u015f, Sayg\u0131 Duru\u015fu ve \u0130stiklal Mar\u015f\u0131<\/strong><br \/>\n\u2003\u2003ASO Tan\u0131t\u0131m Filmi<br \/>\nA\u00e7\u0131l\u0131\u015f Konu\u015fmalar\u0131<br \/>\n\u2003\u2003<strong>Nuray BA\u015eAR<\/strong> &#8211; <em>ASO-35 Bilgisayar Yaz\u0131l\u0131m Sanayi Meslek Komitesi Ba\u015fkan\u0131<\/em><br \/>\n\u2003\u2003<strong>Rahmi AKTEPE<\/strong> &#8211; <em>TBD Genel Ba\u015fkan\u0131<\/em><br \/>\n\u2003\u2003<strong>Oktay YAMAN<\/strong> &#8211; <em>ASO Genel Sekreter Yard\u0131mc\u0131s\u0131<\/em><\/p>\n<hr \/>\n<p><strong>10:00 \u2013 10:15 | \u00c7ay\/Kahve Aras\u0131<\/strong><\/p>\n<hr \/>\n<p><strong>10:15 \u2013 11:00 | \u00c7a\u011fr\u0131l\u0131 Konu\u015fmac\u0131, T\u00fcrk Patent Enstit\u00fcs\u00fc<\/strong><\/p>\n<hr \/>\n<p><strong>11:00 \u2013 11:25 | Deniz TOSUN, Hepsi Jet CTO<\/strong><\/p>\n<hr \/>\n<p><strong>11:25 \u2013 11:50 | Do\u00e7.Dr.Meltem ERYILMAZ, Ostim Teknik \u00dcnv.<\/strong><\/p>\n<hr \/>\n<p><strong>11:50 \u2013 12:15 | Sinan \u00d6ZG\u00dcR, KSB Pompa Armat\u00fcr San.Tic.A.\u015e. Genel M\u00fcd\u00fcr <\/strong><\/p>\n<hr \/>\n<p><strong>12:15 \u2013 12:30 | Soru &#038; Cevap<\/strong><\/p>\n<hr \/>\n<p><strong>12:30 \u2013 13:30 | \u00c7ay \/ Kahve \u2013 Yemek Aras\u0131<\/strong><\/p>\n<hr \/>\n<p><strong>13:30 \u2013 13:55 | Prof. Dr. Cemalettin Aktepe, Hac\u0131 Bayram Veli \u00dcniversitesi<\/strong><\/p>\n<hr \/>\n<p><strong>13:55 \u2013 14:20 | Dr. G\u00f6k\u00e7e YILDIRIM KALKAN, Simsoft<\/strong><\/p>\n<hr \/>\n<p><strong>14:20 \u2013 14:45 | \u00d6zg\u00fcr AKSUNA, \u0130leti\u015fim Dan\u0131\u015fman\u0131<\/strong><\/p>\n<hr \/>\n<p><strong>14:45 \u2013 15:00 | Soru &#038; Cevap<\/strong><\/p>\n<hr \/>\n","protected":false},"excerpt":{"rendered":"<p>09:00 \u2013 09:30 | Kay\u0131t 09:30 &#8211; 10:00 | A\u00e7\u0131l\u0131\u015f, Sayg\u0131 Duru\u015fu ve \u0130stiklal Mar\u015f\u0131 \u2003\u2003ASO Tan\u0131t\u0131m Filmi A\u00e7\u0131l\u0131\u015f Konu\u015fmalar\u0131 \u2003\u2003Nuray BA\u015eAR &#8211; ASO-35 Bilgisayar Yaz\u0131l\u0131m<span class=\"excerpt-hellip\"> [\u2026]<\/span><\/p>\n","protected":false},"author":1,"featured_media":0,"parent":618,"menu_order":0,"comment_status":"closed","ping_status":"closed","template":"","meta":{"rs_blank_template":"","rs_page_bg_color":"","slide_template_v7":"","footnotes":""},"class_list":["post-991","page","type-page","status-publish","hentry"],"_links":{"self":[{"href":"https:\/\/www.kobibilisim.org.tr\/2024\/wp-json\/wp\/v2\/pages\/991","targetHints":{"allow":["GET"]}}],"collection":[{"href":"https:\/\/www.kobibilisim.org.tr\/2024\/wp-json\/wp\/v2\/pages"}],"about":[{"href":"https:\/\/www.kobibilisim.org.tr\/2024\/wp-json\/wp\/v2\/types\/page"}],"author":[{"embeddable":true,"href":"https:\/\/www.kobibilisim.org.tr\/2024\/wp-json\/wp\/v2\/users\/1"}],"replies":[{"embeddable":true,"href":"https:\/\/www.kobibilisim.org.tr\/2024\/wp-json\/wp\/v2\/comments?post=991"}],"version-history":[{"count":10,"href":"https:\/\/www.kobibilisim.org.tr\/2024\/wp-json\/wp\/v2\/pages\/991\/revisions"}],"predecessor-version":[{"id":1033,"href":"https:\/\/www.kobibilisim.org.tr\/2024\/wp-json\/wp\/v2\/pages\/991\/revisions\/1033"}],"up":[{"embeddable":true,"href":"https:\/\/www.kobibilisim.org.tr\/2024\/wp-json\/wp\/v2\/pages\/618"}],"wp:attachment":[{"href":"https:\/\/www.kobibilisim.org.tr\/2024\/wp-json\/wp\/v2\/media?parent=991"}],"curies":[{"name":"wp","href":"https:\/\/api.w.org\/{rel}","templated":true}]}}